{"id":94,"date":"2018-01-27T15:11:39","date_gmt":"2018-01-27T15:11:39","guid":{"rendered":"http:\/\/sandenelektro.no\/?page_id=94"},"modified":"2018-02-27T17:39:48","modified_gmt":"2018-02-27T17:39:48","slug":"om-oss-2","status":"publish","type":"page","link":"https:\/\/sandenelektro.no\/?page_id=94","title":{"rendered":"Om oss"},"content":{"rendered":"<p><strong>Sanden Elektro as<\/strong>\u00a0vart skipa 21.5. 2014 av br\u00f8drene Terje og Ronny Sanden.<br \/>\nOrganisasjonsnummer:\u00a0 913779444.<br \/>\nRegistrert i foretaksregisteret til DSB (Direktoratet for Samfunnssikkerhet og Beredskap) og EKOM-nett autorisasjon.<span style=\"font-size: 1rem;\"><br \/>\n<\/span><\/p>\n<p>Me har lager og varemottak p\u00e5 Skjeldestad og kontor p\u00e5 Kringla 26 i Sogndal; og har to tilsette med erfaring fr\u00e5 bransjen sidan 1990 med firmabilar som er godt utstyrt for servicejobbar.<\/p>\n<p>Arbeidsomr\u00e5det v\u00e5rt er Indre Sogn, men tek og oppdrag andre plassar.<\/p>\n<p><strong><a href=\"https:\/\/sandenelektro.no\/wp-content\/uploads\/2018\/01\/Terje-e1517058912238.png\"><img loading=\"lazy\" decoding=\"async\" class=\"wp-image-88 alignleft\" src=\"https:\/\/sandenelektro.no\/wp-content\/uploads\/2018\/01\/Terje-300x279.png\" alt=\"\" width=\"180\" height=\"167\" \/><\/a><\/strong><\/p>\n<p>&nbsp;<\/p>\n<p><strong>Terje<\/strong> er styreleiar.<\/p>\n<p>&nbsp;<\/p>\n<p>&nbsp;<\/p>\n<p>&nbsp;<\/p>\n<p><strong><a href=\"https:\/\/sandenelektro.no\/wp-content\/uploads\/2018\/01\/Ronny-e1517058961870.png\"><img loading=\"lazy\" decoding=\"async\" class=\" wp-image-81 alignleft\" src=\"https:\/\/sandenelektro.no\/wp-content\/uploads\/2018\/01\/Ronny-300x281.png\" alt=\"\" width=\"180\" height=\"169\" \/><\/a><\/strong><\/p>\n<p>&nbsp;<\/p>\n<p><strong>Ronny<\/strong> er godkjent installat\u00f8r og dagleg leiar.<\/p>\n<p>&nbsp;<\/p>\n","protected":false},"excerpt":{"rendered":"<p>Sanden Elektro as\u00a0vart skipa 21.5. 2014 av br\u00f8drene Terje og Ronny Sanden. Organisasjonsnummer:\u00a0 913779444. Registrert i foretaksregisteret til DSB (Direktoratet for Samfunnssikkerhet og Beredskap) og EKOM-nett autorisasjon. Me har lager og varemottak p\u00e5 Skjeldestad og kontor p\u00e5 Kringla 26 i Sogndal; og har to tilsette med erfaring fr\u00e5 bransjen sidan 1990 med firmabilar som er [&hellip;]<\/p>\n","protected":false},"author":3,"featured_media":0,"parent":0,"menu_order":0,"comment_status":"closed","ping_status":"closed","template":"","meta":{"footnotes":""},"class_list":["post-94","page","type-page","status-publish","hentry"],"_links":{"self":[{"href":"https:\/\/sandenelektro.no\/index.php?rest_route=\/wp\/v2\/pages\/94","targetHints":{"allow":["GET"]}}],"collection":[{"href":"https:\/\/sandenelektro.no\/index.php?rest_route=\/wp\/v2\/pages"}],"about":[{"href":"https:\/\/sandenelektro.no\/index.php?rest_route=\/wp\/v2\/types\/page"}],"author":[{"embeddable":true,"href":"https:\/\/sandenelektro.no\/index.php?rest_route=\/wp\/v2\/users\/3"}],"replies":[{"embeddable":true,"href":"https:\/\/sandenelektro.no\/index.php?rest_route=%2Fwp%2Fv2%2Fcomments&post=94"}],"version-history":[{"count":5,"href":"https:\/\/sandenelektro.no\/index.php?rest_route=\/wp\/v2\/pages\/94\/revisions"}],"predecessor-version":[{"id":169,"href":"https:\/\/sandenelektro.no\/index.php?rest_route=\/wp\/v2\/pages\/94\/revisions\/169"}],"wp:attachment":[{"href":"https:\/\/sandenelektro.no\/index.php?rest_route=%2Fwp%2Fv2%2Fmedia&parent=94"}],"curies":[{"name":"wp","href":"https:\/\/api.w.org\/{rel}","templated":true}]}}