{"id":126,"date":"2018-01-27T17:36:18","date_gmt":"2018-01-27T17:36:18","guid":{"rendered":"http:\/\/sandenelektro.no\/?page_id=126"},"modified":"2018-03-24T16:26:46","modified_gmt":"2018-03-24T16:26:46","slug":"lenker-til-utstyr","status":"publish","type":"page","link":"https:\/\/sandenelektro.no\/?page_id=126","title":{"rendered":"Lenker til utstyr"},"content":{"rendered":"<p>Her skal du finna lenker til leverand\u00f8rar der du finn lampar og anna utstyr du kan kj\u00f8pa gjennom oss.\u00a0\u00a0Send oss ein epost med med leverand\u00f8r, artikkelnr. og antal, s\u00e5 skaffar me det i god tid f\u00f8r det skal brukast.<\/p>\n<div id=\"attachment_127\" style=\"width: 160px\" class=\"wp-caption alignnone\"><a href=\"https:\/\/www.sg-as.com\/nb\" target=\"_blank\" rel=\"noopener\"><img loading=\"lazy\" decoding=\"async\" aria-describedby=\"caption-attachment-127\" class=\"wp-image-127 size-thumbnail\" src=\"https:\/\/sandenelektro.no\/wp-content\/uploads\/2018\/01\/SGlogo-150x150.png\" alt=\"\" width=\"150\" height=\"150\" srcset=\"https:\/\/sandenelektro.no\/wp-content\/uploads\/2018\/01\/SGlogo-150x150.png 150w, https:\/\/sandenelektro.no\/wp-content\/uploads\/2018\/01\/SGlogo-300x300.png 300w, https:\/\/sandenelektro.no\/wp-content\/uploads\/2018\/01\/SGlogo.png 355w\" sizes=\"auto, (max-width: 150px) 100vw, 150px\" \/><\/a><p id=\"caption-attachment-127\" class=\"wp-caption-text\">Lysutstyr<\/p><\/div>\n<div id=\"attachment_192\" style=\"width: 288px\" class=\"wp-caption alignnone\"><a href=\"http:\/\/norlys.no\" target=\"_blank\" rel=\"noopener\"><img loading=\"lazy\" decoding=\"async\" aria-describedby=\"caption-attachment-192\" class=\"wp-image-192 size-full\" src=\"https:\/\/sandenelektro.no\/wp-content\/uploads\/2018\/03\/Norlys-logo.png\" alt=\"\" width=\"278\" height=\"166\" \/><\/a><p id=\"caption-attachment-192\" class=\"wp-caption-text\">Lysutstyr<\/p><\/div>\n<div id=\"attachment_139\" style=\"width: 257px\" class=\"wp-caption alignnone\"><a href=\"http:\/\/elko.no\" target=\"_blank\" rel=\"noopener\"><img loading=\"lazy\" decoding=\"async\" aria-describedby=\"caption-attachment-139\" class=\"wp-image-139 size-full\" src=\"https:\/\/sandenelektro.no\/wp-content\/uploads\/2018\/02\/elko_logo_rod2.png\" alt=\"\" width=\"247\" height=\"106\" \/><\/a><p id=\"caption-attachment-139\" class=\"wp-caption-text\">Installasjonsmateriell<\/p><\/div>\n<div id=\"attachment_194\" style=\"width: 310px\" class=\"wp-caption alignnone\"><a href=\"http:\/\/www.eaton.no\/EatonNO\/index.htm\" target=\"_blank\" rel=\"noopener\"><img loading=\"lazy\" decoding=\"async\" aria-describedby=\"caption-attachment-194\" class=\"wp-image-194 size-medium\" src=\"https:\/\/sandenelektro.no\/wp-content\/uploads\/2018\/03\/Logo-Eaton-300x82.png\" alt=\"\" width=\"300\" height=\"82\" srcset=\"https:\/\/sandenelektro.no\/wp-content\/uploads\/2018\/03\/Logo-Eaton-300x82.png 300w, https:\/\/sandenelektro.no\/wp-content\/uploads\/2018\/03\/Logo-Eaton.png 430w\" sizes=\"auto, (max-width: 300px) 100vw, 300px\" \/><\/a><p id=\"caption-attachment-194\" class=\"wp-caption-text\">Sikringsmateriell<\/p><\/div>\n<div id=\"attachment_140\" style=\"width: 210px\" class=\"wp-caption alignnone\"><a href=\"https:\/\/www.schneider-electric.no\/no\/work\/campaign\/renovation\/nytt-liv\/hjemme.jsp\" target=\"_blank\" rel=\"noopener\"><img loading=\"lazy\" decoding=\"async\" aria-describedby=\"caption-attachment-140\" class=\"wp-image-140 size-full\" src=\"https:\/\/sandenelektro.no\/wp-content\/uploads\/2018\/02\/LIO_SE_footer.png\" alt=\"\" width=\"200\" height=\"64\" \/><\/a><p id=\"caption-attachment-140\" class=\"wp-caption-text\">Installasjonsmateriell<\/p><\/div>\n<div id=\"attachment_195\" style=\"width: 275px\" class=\"wp-caption alignnone\"><a href=\"http:\/\/micro-matic.no\" target=\"_blank\" rel=\"noopener\"><img loading=\"lazy\" decoding=\"async\" aria-describedby=\"caption-attachment-195\" class=\"wp-image-195 size-full\" src=\"https:\/\/sandenelektro.no\/wp-content\/uploads\/2018\/03\/Logo-Micro-Matic.png\" alt=\"\" width=\"265\" height=\"190\" \/><\/a><p id=\"caption-attachment-195\" class=\"wp-caption-text\">Varmestyring, Lysstyring, Tidsstyring<\/p><\/div>\n<div id=\"attachment_196\" style=\"width: 262px\" class=\"wp-caption alignnone\"><a href=\"http:\/\/www.noby.no\/\" target=\"_blank\" rel=\"noopener\"><img loading=\"lazy\" decoding=\"async\" aria-describedby=\"caption-attachment-196\" class=\"wp-image-196 size-full\" src=\"https:\/\/sandenelektro.no\/wp-content\/uploads\/2018\/03\/Logo-Noby.jpg\" alt=\"\" width=\"252\" height=\"189\" \/><\/a><p id=\"caption-attachment-196\" class=\"wp-caption-text\">Brannalarm, Adgangskontroll, Overv\u00e5king<\/p><\/div>\n<div id=\"attachment_197\" style=\"width: 310px\" class=\"wp-caption alignnone\"><a href=\"https:\/\/www.oglaend-system.com\/?lang=en_GB\" target=\"_blank\" rel=\"noopener\"><img loading=\"lazy\" decoding=\"async\" aria-describedby=\"caption-attachment-197\" class=\"wp-image-197 size-medium\" src=\"https:\/\/sandenelektro.no\/wp-content\/uploads\/2018\/03\/Logo-\u00d8gl\u00e6nd-300x92.png\" alt=\"\" width=\"300\" height=\"92\" srcset=\"https:\/\/sandenelektro.no\/wp-content\/uploads\/2018\/03\/Logo-\u00d8gl\u00e6nd-300x92.png 300w, https:\/\/sandenelektro.no\/wp-content\/uploads\/2018\/03\/Logo-\u00d8gl\u00e6nd.png 406w\" sizes=\"auto, (max-width: 300px) 100vw, 300px\" \/><\/a><p id=\"caption-attachment-197\" class=\"wp-caption-text\">Installasjonsmateriell<\/p><\/div>\n<div id=\"attachment_198\" style=\"width: 310px\" class=\"wp-caption alignnone\"><a href=\"http:\/\/draka.no\" target=\"_blank\" rel=\"noopener\"><img loading=\"lazy\" decoding=\"async\" aria-describedby=\"caption-attachment-198\" class=\"wp-image-198 size-medium\" src=\"https:\/\/sandenelektro.no\/wp-content\/uploads\/2018\/03\/Logo-Draka-300x156.png\" alt=\"\" width=\"300\" height=\"156\" srcset=\"https:\/\/sandenelektro.no\/wp-content\/uploads\/2018\/03\/Logo-Draka-300x156.png 300w, https:\/\/sandenelektro.no\/wp-content\/uploads\/2018\/03\/Logo-Draka.png 311w\" sizes=\"auto, (max-width: 300px) 100vw, 300px\" \/><\/a><p id=\"caption-attachment-198\" class=\"wp-caption-text\">Kabel<\/p><\/div>\n","protected":false},"excerpt":{"rendered":"<p>Her skal du finna lenker til leverand\u00f8rar der du finn lampar og anna utstyr du kan kj\u00f8pa gjennom oss.\u00a0\u00a0Send oss ein epost med med leverand\u00f8r, artikkelnr. og antal, s\u00e5 skaffar me det i god tid f\u00f8r det skal brukast.<\/p>\n","protected":false},"author":3,"featured_media":0,"parent":0,"menu_order":0,"comment_status":"closed","ping_status":"closed","template":"","meta":{"footnotes":""},"class_list":["post-126","page","type-page","status-publish","hentry"],"_links":{"self":[{"href":"https:\/\/sandenelektro.no\/index.php?rest_route=\/wp\/v2\/pages\/126","targetHints":{"allow":["GET"]}}],"collection":[{"href":"https:\/\/sandenelektro.no\/index.php?rest_route=\/wp\/v2\/pages"}],"about":[{"href":"https:\/\/sandenelektro.no\/index.php?rest_route=\/wp\/v2\/types\/page"}],"author":[{"embeddable":true,"href":"https:\/\/sandenelektro.no\/index.php?rest_route=\/wp\/v2\/users\/3"}],"replies":[{"embeddable":true,"href":"https:\/\/sandenelektro.no\/index.php?rest_route=%2Fwp%2Fv2%2Fcomments&post=126"}],"version-history":[{"count":5,"href":"https:\/\/sandenelektro.no\/index.php?rest_route=\/wp\/v2\/pages\/126\/revisions"}],"predecessor-version":[{"id":138,"href":"https:\/\/sandenelektro.no\/index.php?rest_route=\/wp\/v2\/pages\/126\/revisions\/138"}],"wp:attachment":[{"href":"https:\/\/sandenelektro.no\/index.php?rest_route=%2Fwp%2Fv2%2Fmedia&parent=126"}],"curies":[{"name":"wp","href":"https:\/\/api.w.org\/{rel}","templated":true}]}}